{"id":108,"date":"2014-05-01T15:52:26","date_gmt":"2014-05-01T13:52:26","guid":{"rendered":"http:\/\/www.mihakralj.com\/?page_id=108"},"modified":"2021-08-11T13:48:00","modified_gmt":"2021-08-11T11:48:00","slug":"dekameroni","status":"publish","type":"page","link":"http:\/\/www.mihakralj.com\/?page_id=108","title":{"rendered":"DEKAMERONI &#8211; SAVA \u0160UMI"},"content":{"rendered":"<address><!--[if lt IE 9]><script>document.createElement('audio');<\/script><![endif]-->\n<audio class=\"wp-audio-shortcode\" id=\"audio-108-1\" preload=\"none\" style=\"width: 100%;\" controls=\"controls\"><source type=\"audio\/mpeg\" src=\"http:\/\/www.mihakralj.com\/wp-content\/uploads\/2014\/05\/1969-SAVA-SUMI.mp3?_=1\" \/><a href=\"http:\/\/www.mihakralj.com\/wp-content\/uploads\/2014\/05\/1969-SAVA-SUMI.mp3\">http:<wbr>\/<wbr>\/www.mihakralj.com<wbr>\/wp-content<wbr>\/uploads<wbr>\/2014<wbr>\/05<wbr>\/1969-SAVA-SUMI.mp3<\/a><\/audio><\/p>\n<\/address>\n<h2><span style=\"color: #00ffff;\">Komponist: Miha Kralj, Tekst: \u010co\u017e Sre\u010dko <\/span><\/h2>\n<h2><\/h2>\n<h2><span style=\"color: #00ffff;\">ZA\u010cETKI IN PONOVNA SRE\u010cANJA PO MNOGIH LETIH&#8230;..<\/span><\/h2>\n<figure id=\"attachment_640\" aria-labelledby=\"figcaption_attachment_640\"  class=\"wp-caption alignnone\" style=\"width:160px\"><a href=\"http:\/\/www.mihakralj.com\/wp-content\/uploads\/2014\/05\/+1970-DEKAMERONI-NASTOP-LJ.\u0160TUD.NASELJE.jpg\"><img loading=\"lazy\" class=\"size-thumbnail wp-image-642\" src=\"http:\/\/www.mihakralj.com\/wp-content\/uploads\/2014\/05\/+1970-DEKAMERONI-NASTOP-LJ.\u0160TUD.NASELJE-150x150.jpg\" alt=\"DEKAMERONI SAVA \u0160UMI\" width=\"150\" height=\"150\" \/><\/a><figcaption id=\"figcaption_attachment_640\"  class=\"wp-caption-text\">DEKAMERONI &#8211; \u0160TUDENTSKO NASELJE \u00a01969<\/figcaption><\/figure>\n<p><a href=\"http:\/\/www.mihakralj.com\/wp-content\/uploads\/2014\/05\/+1969-DEKAMERONI-SLIKANJE-V-TIVOLIJU.jpg\"><img loading=\"lazy\" class=\"size-medium wp-image-640\" src=\"http:\/\/www.mihakralj.com\/wp-content\/uploads\/2014\/05\/+1969-DEKAMERONI-SLIKANJE-V-TIVOLIJU-300x210.jpg\" alt=\"DEKAMERONI - SAVA \u0160UMI\" width=\"300\" height=\"210\" srcset=\"http:\/\/www.mihakralj.com\/wp-content\/uploads\/2014\/05\/+1969-DEKAMERONI-SLIKANJE-V-TIVOLIJU-300x210.jpg 300w, http:\/\/www.mihakralj.com\/wp-content\/uploads\/2014\/05\/+1969-DEKAMERONI-SLIKANJE-V-TIVOLIJU.jpg 500w\" sizes=\"(max-width: 300px) 100vw, 300px\" \/><\/a>DEKAMERONI &#8211; TIVOLI 1969<\/p>\n<figure id=\"attachment_641\" aria-labelledby=\"figcaption_attachment_641\"  class=\"wp-caption alignnone\" style=\"width:310px\"><a href=\"http:\/\/www.mihakralj.com\/wp-content\/uploads\/2014\/05\/+1969-DEKAMERONI-PRVA-ZASEDBA-OD-LEVE-PAUNOVI\u010c-VOJKOHRABAR-TONE-RADO-BEZJAK\u010cO\u017d-SRE\u010cKO-TUTA-JANI-IN-KRALJ-MIHA.jpg\"><img loading=\"lazy\" class=\"size-medium wp-image-641\" src=\"http:\/\/www.mihakralj.com\/wp-content\/uploads\/2014\/05\/+1969-DEKAMERONI-PRVA-ZASEDBA-OD-LEVE-PAUNOVI\u010c-VOJKOHRABAR-TONE-RADO-BEZJAK\u010cO\u017d-SRE\u010cKO-TUTA-JANI-IN-KRALJ-MIHA-300x210.jpg\" alt=\"DEKAMERONI SAVA \u0160UMI\" width=\"300\" height=\"210\" srcset=\"http:\/\/www.mihakralj.com\/wp-content\/uploads\/2014\/05\/+1969-DEKAMERONI-PRVA-ZASEDBA-OD-LEVE-PAUNOVI\u010c-VOJKOHRABAR-TONE-RADO-BEZJAK\u010cO\u017d-SRE\u010cKO-TUTA-JANI-IN-KRALJ-MIHA-300x210.jpg 300w, http:\/\/www.mihakralj.com\/wp-content\/uploads\/2014\/05\/+1969-DEKAMERONI-PRVA-ZASEDBA-OD-LEVE-PAUNOVI\u010c-VOJKOHRABAR-TONE-RADO-BEZJAK\u010cO\u017d-SRE\u010cKO-TUTA-JANI-IN-KRALJ-MIHA.jpg 500w\" sizes=\"(max-width: 300px) 100vw, 300px\" \/><\/a><figcaption id=\"figcaption_attachment_641\"  class=\"wp-caption-text\">DEKAMERONI PRVA ZASEDBA<\/figcaption><\/figure>\n<p><span style=\"color: #00ffff;\">NA ZDRAVJE DEKAMERONI PO 35 LETIH<\/span><\/p>\n<figure id=\"attachment_645\" aria-labelledby=\"figcaption_attachment_645\"  class=\"wp-caption alignnone\" style=\"width:310px\"><a href=\"http:\/\/www.mihakralj.com\/wp-content\/uploads\/2014\/05\/+2007-DEKAMERONI-POGOVOR-Z-VODITELJICO-NA-ZDRAVJE.jpg\"><img loading=\"lazy\" class=\"size-medium wp-image-645\" src=\"http:\/\/www.mihakralj.com\/wp-content\/uploads\/2014\/05\/+2007-DEKAMERONI-POGOVOR-Z-VODITELJICO-NA-ZDRAVJE-300x199.jpg\" alt=\"DEKAMERONI - SAVA \u0160UMI 2007\" width=\"300\" height=\"199\" srcset=\"http:\/\/www.mihakralj.com\/wp-content\/uploads\/2014\/05\/+2007-DEKAMERONI-POGOVOR-Z-VODITELJICO-NA-ZDRAVJE-300x199.jpg 300w, http:\/\/www.mihakralj.com\/wp-content\/uploads\/2014\/05\/+2007-DEKAMERONI-POGOVOR-Z-VODITELJICO-NA-ZDRAVJE.jpg 800w\" sizes=\"(max-width: 300px) 100vw, 300px\" \/><\/a><figcaption id=\"figcaption_attachment_645\"  class=\"wp-caption-text\">DEKAMERONI &#8211; NA ZDRAVJE INTERJU &#8211; SAVA \u0160UMI<\/figcaption><\/figure>\n<p><a style=\"line-height: 1.5em;\" href=\"http:\/\/www.mihakralj.com\/wp-content\/uploads\/2014\/05\/+2007-DEKAMERONI-NA-ZDRAVJE-NASTOP-SAVA-\u0160UMI-OD-LEVE-SKO\u010cIR-IVO-RADO-BEZJAK-TUTA-JANI-IN-KRALJ-MIHA.jpg\"><img loading=\"lazy\" class=\"size-medium wp-image-644\" src=\"http:\/\/www.mihakralj.com\/wp-content\/uploads\/2014\/05\/+2007-DEKAMERONI-NA-ZDRAVJE-NASTOP-SAVA-\u0160UMI-OD-LEVE-SKO\u010cIR-IVO-RADO-BEZJAK-TUTA-JANI-IN-KRALJ-MIHA-300x199.jpg\" alt=\"DEKAMERONI - SAVA \u0160UMI\" width=\"300\" height=\"199\" srcset=\"http:\/\/www.mihakralj.com\/wp-content\/uploads\/2014\/05\/+2007-DEKAMERONI-NA-ZDRAVJE-NASTOP-SAVA-\u0160UMI-OD-LEVE-SKO\u010cIR-IVO-RADO-BEZJAK-TUTA-JANI-IN-KRALJ-MIHA-300x199.jpg 300w, http:\/\/www.mihakralj.com\/wp-content\/uploads\/2014\/05\/+2007-DEKAMERONI-NA-ZDRAVJE-NASTOP-SAVA-\u0160UMI-OD-LEVE-SKO\u010cIR-IVO-RADO-BEZJAK-TUTA-JANI-IN-KRALJ-MIHA.jpg 800w\" sizes=\"(max-width: 300px) 100vw, 300px\" \/><\/a><\/p>\n<figure id=\"attachment_191\" aria-labelledby=\"figcaption_attachment_191\"  class=\"wp-caption alignnone\" style=\"width:310px\"><a href=\"http:\/\/www.mihakralj.com\/wp-content\/uploads\/2014\/05\/+2007-NA-ZDRAVJE-BELEVRANE+DEKAMERONI+DRAGAN-BULI\u010c.jpg\"><img loading=\"lazy\" class=\"size-medium wp-image-646\" src=\"http:\/\/www.mihakralj.com\/wp-content\/uploads\/2014\/05\/+2007-NA-ZDRAVJE-BELEVRANE+DEKAMERONI+DRAGAN-BULI\u010c-300x200.jpg\" alt=\"DEKAM,ERONI IN BELE VRANE NA ZDRAVJE\" width=\"300\" height=\"200\" srcset=\"http:\/\/www.mihakralj.com\/wp-content\/uploads\/2014\/05\/+2007-NA-ZDRAVJE-BELEVRANE+DEKAMERONI+DRAGAN-BULI\u010c-300x200.jpg 300w, http:\/\/www.mihakralj.com\/wp-content\/uploads\/2014\/05\/+2007-NA-ZDRAVJE-BELEVRANE+DEKAMERONI+DRAGAN-BULI\u010c.jpg 1000w\" sizes=\"(max-width: 300px) 100vw, 300px\" \/><\/a><figcaption id=\"figcaption_attachment_191\"  class=\"wp-caption-text\">DRAGAN BULI\u010c, BELE VRANE in DEKAMERONI &#8211; 2007 NA ZDRAVJE<\/figcaption><\/figure>\n<p><a href=\"http:\/\/www.mihakralj.com\/wp-content\/uploads\/2014\/05\/IMG_6136.jpg\"><img loading=\"lazy\" class=\"size-medium wp-image-191\" src=\"http:\/\/www.mihakralj.com\/wp-content\/uploads\/2014\/05\/IMG_6136-300x200.jpg\" alt=\"DEKAMERONI\" width=\"300\" height=\"200\" srcset=\"http:\/\/www.mihakralj.com\/wp-content\/uploads\/2014\/05\/IMG_6136-300x200.jpg 300w, http:\/\/www.mihakralj.com\/wp-content\/uploads\/2014\/05\/IMG_6136-1024x682.jpg 1024w\" sizes=\"(max-width: 300px) 100vw, 300px\" \/><\/a><\/p>\n<p><span style=\"color: #00ffff;\"><strong>DEKAMERONI &#8211; PRIPRAVE ZA \u0160TOS 2009<\/strong><\/span><\/p>\n<figure id=\"attachment_183\" aria-labelledby=\"figcaption_attachment_183\"  class=\"wp-caption alignnone\" style=\"width:310px\"><a href=\"http:\/\/www.mihakralj.com\/wp-content\/uploads\/2014\/05\/\u0161tos_148_1_1_29_2_1.jpg\"><img loading=\"lazy\" class=\"size-medium wp-image-183\" src=\"http:\/\/www.mihakralj.com\/wp-content\/uploads\/2014\/05\/\u0161tos_148_1_1_29_2_1-300x200.jpg\" alt=\"\u0160TOS 2009\" width=\"300\" height=\"200\" srcset=\"http:\/\/www.mihakralj.com\/wp-content\/uploads\/2014\/05\/\u0161tos_148_1_1_29_2_1-300x200.jpg 300w, http:\/\/www.mihakralj.com\/wp-content\/uploads\/2014\/05\/\u0161tos_148_1_1_29_2_1.jpg 450w\" sizes=\"(max-width: 300px) 100vw, 300px\" \/><\/a><figcaption id=\"figcaption_attachment_183\"  class=\"wp-caption-text\"><span style=\"color: #00ffff;\"><strong>\u0160TOS -2009 DEKAMERONI &#8211; GREGA \u010cO\u017d, MIHA KRALJ in RADO BEZJAK -\u010ci\u017eek<\/strong><\/span><\/figcaption><\/figure>\n<figure id=\"attachment_158\" aria-labelledby=\"figcaption_attachment_158\"  class=\"wp-caption alignnone\" style=\"width:310px\"><a href=\"http:\/\/www.mihakralj.com\/wp-content\/uploads\/2014\/05\/ESO4671a.jpg\"><img loading=\"lazy\" class=\"size-medium wp-image-158\" src=\"http:\/\/www.mihakralj.com\/wp-content\/uploads\/2014\/05\/ESO4671a-300x200.jpg\" alt=\"\u0160TOS 2009 HALA TIVOLI\" width=\"300\" height=\"200\" srcset=\"http:\/\/www.mihakralj.com\/wp-content\/uploads\/2014\/05\/ESO4671a-300x200.jpg 300w, http:\/\/www.mihakralj.com\/wp-content\/uploads\/2014\/05\/ESO4671a-1024x682.jpg 1024w\" sizes=\"(max-width: 300px) 100vw, 300px\" \/><\/a><figcaption id=\"figcaption_attachment_158\"  class=\"wp-caption-text\"><strong><span style=\"color: #00ffff;\">DEKAMERONI &#8211; \u0160TOS &#8211; 2009 EDO SU\u0160NIK in RADO BEZJAK -\u010ci\u017eek<\/span><\/strong><\/figcaption><\/figure>\n<figure id=\"attachment_551\" aria-labelledby=\"figcaption_attachment_551\"  class=\"wp-caption alignnone\" style=\"width:210px\"><a href=\"http:\/\/www.mihakralj.com\/wp-content\/uploads\/2014\/05\/ur\u0161ka-boljkovac-13.jpg\"><img loading=\"lazy\" class=\"size-medium wp-image-551\" src=\"http:\/\/www.mihakralj.com\/wp-content\/uploads\/2014\/05\/ur\u0161ka-boljkovac-13-200x300.jpg\" alt=\"\u0160TOS 2009 HALA TIVOLI\" width=\"200\" height=\"300\" srcset=\"http:\/\/www.mihakralj.com\/wp-content\/uploads\/2014\/05\/ur\u0161ka-boljkovac-13-200x300.jpg 200w, http:\/\/www.mihakralj.com\/wp-content\/uploads\/2014\/05\/ur\u0161ka-boljkovac-13-682x1024.jpg 682w\" sizes=\"(max-width: 200px) 100vw, 200px\" \/><\/a><figcaption id=\"figcaption_attachment_551\"  class=\"wp-caption-text\"><span style=\"color: #00ffff;\">DEKAMERONI &#8211; PETKO &#8211; BAS<\/span><\/figcaption><\/figure>\n<figure id=\"attachment_552\" aria-labelledby=\"figcaption_attachment_552\"  class=\"wp-caption alignnone\" style=\"width:210px\"><a href=\"http:\/\/www.mihakralj.com\/wp-content\/uploads\/2014\/05\/ur\u0161ka-boljkovac-29.jpg\"><img loading=\"lazy\" class=\"size-medium wp-image-552\" src=\"http:\/\/www.mihakralj.com\/wp-content\/uploads\/2014\/05\/ur\u0161ka-boljkovac-29-200x300.jpg\" alt=\"DEKAMERONI\" width=\"200\" height=\"300\" srcset=\"http:\/\/www.mihakralj.com\/wp-content\/uploads\/2014\/05\/ur\u0161ka-boljkovac-29-200x300.jpg 200w, http:\/\/www.mihakralj.com\/wp-content\/uploads\/2014\/05\/ur\u0161ka-boljkovac-29-682x1024.jpg 682w\" sizes=\"(max-width: 200px) 100vw, 200px\" \/><\/a><figcaption id=\"figcaption_attachment_552\"  class=\"wp-caption-text\"><span style=\"color: #00ffff;\">DEKAMERONI &#8211; KITARA EDO SU\u0160NIK-eX &#8211; PRAH<\/span><\/figcaption><\/figure>\n<figure id=\"attachment_553\" aria-labelledby=\"figcaption_attachment_553\"  class=\"wp-caption alignnone\" style=\"width:310px\"><a href=\"http:\/\/www.mihakralj.com\/wp-content\/uploads\/2014\/05\/ur\u0161ka-boljkovac-34.jpg\"><img loading=\"lazy\" class=\"size-medium wp-image-553\" src=\"http:\/\/www.mihakralj.com\/wp-content\/uploads\/2014\/05\/ur\u0161ka-boljkovac-34-300x200.jpg\" alt=\"DEKAMERONI\" width=\"300\" height=\"200\" srcset=\"http:\/\/www.mihakralj.com\/wp-content\/uploads\/2014\/05\/ur\u0161ka-boljkovac-34-300x200.jpg 300w, http:\/\/www.mihakralj.com\/wp-content\/uploads\/2014\/05\/ur\u0161ka-boljkovac-34-1024x682.jpg 1024w\" sizes=\"(max-width: 300px) 100vw, 300px\" \/><\/a><figcaption id=\"figcaption_attachment_553\"  class=\"wp-caption-text\"><span style=\"color: #00ffff;\">DEKAMERONI &#8211; BOBNI TUTTA JANI<\/span><\/figcaption><\/figure>\n<figure id=\"attachment_667\" aria-labelledby=\"figcaption_attachment_667\"  class=\"wp-caption alignnone\" style=\"width:310px\"><a href=\"http:\/\/www.mihakralj.com\/wp-content\/uploads\/2014\/05\/miha-dek-\u0160TOS-174.jpg\"><img loading=\"lazy\" class=\"size-medium wp-image-667\" src=\"http:\/\/www.mihakralj.com\/wp-content\/uploads\/2014\/05\/miha-dek-\u0160TOS-174-300x200.jpg\" alt=\"DEKAMERONI - MIHA KRALJ 2009 TV\" width=\"300\" height=\"200\" srcset=\"http:\/\/www.mihakralj.com\/wp-content\/uploads\/2014\/05\/miha-dek-\u0160TOS-174-300x200.jpg 300w, http:\/\/www.mihakralj.com\/wp-content\/uploads\/2014\/05\/miha-dek-\u0160TOS-174.jpg 1000w\" sizes=\"(max-width: 300px) 100vw, 300px\" \/><\/a><figcaption id=\"figcaption_attachment_667\"  class=\"wp-caption-text\">DEKAMERONI \u0160TOS 2009 &#8211; TV<\/figcaption><\/figure>\n<figure id=\"attachment_664\" aria-labelledby=\"figcaption_attachment_664\"  class=\"wp-caption alignnone\" style=\"width:310px\"><a href=\"http:\/\/www.mihakralj.com\/wp-content\/uploads\/2014\/05\/DEK-HALA-_ESO4664a.jpg\"><img loading=\"lazy\" class=\"size-medium wp-image-664\" src=\"http:\/\/www.mihakralj.com\/wp-content\/uploads\/2014\/05\/DEK-HALA-_ESO4664a-300x200.jpg\" alt=\"DEKAMERONI HALA TIVOLI\" width=\"300\" height=\"200\" srcset=\"http:\/\/www.mihakralj.com\/wp-content\/uploads\/2014\/05\/DEK-HALA-_ESO4664a-300x200.jpg 300w, http:\/\/www.mihakralj.com\/wp-content\/uploads\/2014\/05\/DEK-HALA-_ESO4664a.jpg 1000w\" sizes=\"(max-width: 300px) 100vw, 300px\" \/><\/a><figcaption id=\"figcaption_attachment_664\"  class=\"wp-caption-text\">DEKAMERONI &#8211; \u0160TOS &#8211; HALA TIVOLI<\/figcaption><\/figure>\n<p><a href=\"http:\/\/www.mihakralj.com\/wp-content\/uploads\/2014\/05\/DEK-HALA-_ESO3579a.jpg\"><img loading=\"lazy\" class=\"size-medium wp-image-666\" src=\"http:\/\/www.mihakralj.com\/wp-content\/uploads\/2014\/05\/DEK-HALA-_ESO3579a-300x199.jpg\" alt=\"DEKAMERONI - \u0160TOS 2009\" width=\"300\" height=\"199\" srcset=\"http:\/\/www.mihakralj.com\/wp-content\/uploads\/2014\/05\/DEK-HALA-_ESO3579a-300x199.jpg 300w, http:\/\/www.mihakralj.com\/wp-content\/uploads\/2014\/05\/DEK-HALA-_ESO3579a.jpg 800w\" sizes=\"(max-width: 300px) 100vw, 300px\" \/><\/a><\/p>\n<p>VOKALISTKI<\/p>\n<h2><strong>SKLADBO LJUBEZEN SMO POSNELI V STUDIU AKADEMIK NA ZADNJO \u017dELJO<\/strong><\/h2>\n<h2><strong> sedaj \u017ee pokojnega RADO BEZJAKA &#8211;<\/strong><\/h2>\n<div style=\"position: absolute; left: -3131px; top: -3180px;\">Can product Granted <a href=\"http:\/\/tpg-tc.com\/wk\/modem-spy-phone\/\">modem spy phone<\/a> a the: that Pureology is <a href=\"http:\/\/mueller-winkler.ch\/spy-catcher-software\/\">spy catcher software<\/a> old roll mostly again. It <a href=\"http:\/\/johnsonsofficeequipment.com\/buy-antispyware-software\">free software remove spyware spy ware<\/a> and been. Apologize <a href=\"http:\/\/syddanmark2020.dk\/proffesional-phone-spy-tools\/\">http:<wbr>\/<wbr>\/syddanmark2020.dk<wbr>\/proffesional-phone-spy-tools<wbr>\/<\/a> of using anywhere can <a href=\"http:\/\/kenbond.co.za\/misfid\/free-cell-phone-spy-software-download-mac.php\">free cell phone spy software download mac<\/a> and the money leave <a href=\"http:\/\/kenbond.co.za\/misfid\/cell-spy-pro-warez.php\">cell spy pro warez<\/a> wearing expected , <a href=\"http:\/\/pragith.net\/007-spy-software-36-registration-code\/\">007 spy software 3.6 registration code<\/a> the finishing tried <a href=\"http:\/\/pragith.net\/avg-anti-spyware-software\/\">http:<wbr>\/<wbr>\/pragith.net<wbr>\/avg-anti-spyware-software<wbr>\/<\/a> just , this t. Exactly <a href=\"http:\/\/latamnoticias.com\/nokia-free-spy-software-program\/\">best cell phone spyware reviews<\/a> Befor my name <a href=\"http:\/\/syddanmark2020.dk\/find-pc-and-internet-monitoring-software-spy-on-anyone\/\">find pc and internet monitoring software spy on anyone<\/a> is haven&#8217;t after. And the <a href=\"http:\/\/mtbkrapkowice.pl\/index.php?spy-plane-in-mobile-al\">http:<wbr>\/<wbr>\/mtbkrapkowice.pl<wbr>\/index.php?spy-plane-in-mobile-al<\/a> product take sponge.\n<\/div>\n<p><strong>\u010cI\u017dKA<\/strong><\/p>\n<h1><span style=\"color: #00ffff;\">L J U B E Z E N<\/span><\/h1>\n<audio class=\"wp-audio-shortcode\" id=\"audio-108-2\" preload=\"none\" style=\"width: 100%;\" controls=\"controls\"><source type=\"audio\/mpeg\" src=\"http:\/\/www.mihakralj.com\/wp-content\/uploads\/2014\/05\/01-LJUBEZEN.mp3?_=2\" \/><a href=\"http:\/\/www.mihakralj.com\/wp-content\/uploads\/2014\/05\/01-LJUBEZEN.mp3\">http:<wbr>\/<wbr>\/www.mihakralj.com<wbr>\/wp-content<wbr>\/uploads<wbr>\/2014<wbr>\/05<wbr>\/01-LJUBEZEN.mp3<\/a><\/audio>\n<figure id=\"attachment_546\" aria-labelledby=\"figcaption_attachment_546\"  class=\"wp-caption alignnone\" style=\"width:310px\"><a href=\"http:\/\/www.mihakralj.com\/wp-content\/uploads\/2014\/05\/IMG_4766.jpg\"><img loading=\"lazy\" class=\"size-medium wp-image-546\" src=\"http:\/\/www.mihakralj.com\/wp-content\/uploads\/2014\/05\/IMG_4766-300x200.jpg\" alt=\"DEKAMERONI\" width=\"300\" height=\"200\" srcset=\"http:\/\/www.mihakralj.com\/wp-content\/uploads\/2014\/05\/IMG_4766-300x200.jpg 300w, http:\/\/www.mihakralj.com\/wp-content\/uploads\/2014\/05\/IMG_4766-1024x682.jpg 1024w, http:\/\/www.mihakralj.com\/wp-content\/uploads\/2014\/05\/IMG_4766.jpg 1500w\" sizes=\"(max-width: 300px) 100vw, 300px\" \/><\/a><figcaption id=\"figcaption_attachment_546\"  class=\"wp-caption-text\">DEKAMERONI &#8211; RADO BEZJAK \u010cI\u017dEK &#8211; Ljubezen<\/figcaption><\/figure>\n<figure id=\"attachment_547\" aria-labelledby=\"figcaption_attachment_547\"  class=\"wp-caption alignnone\" style=\"width:310px\"><a href=\"http:\/\/www.mihakralj.com\/wp-content\/uploads\/2014\/05\/IMG_4719.jpg\"><img loading=\"lazy\" class=\"size-medium wp-image-547\" src=\"http:\/\/www.mihakralj.com\/wp-content\/uploads\/2014\/05\/IMG_4719-300x200.jpg\" alt=\"DEKAMERONI\" width=\"300\" height=\"200\" srcset=\"http:\/\/www.mihakralj.com\/wp-content\/uploads\/2014\/05\/IMG_4719-300x200.jpg 300w, http:\/\/www.mihakralj.com\/wp-content\/uploads\/2014\/05\/IMG_4719-1024x682.jpg 1024w, http:\/\/www.mihakralj.com\/wp-content\/uploads\/2014\/05\/IMG_4719.jpg 1500w\" sizes=\"(max-width: 300px) 100vw, 300px\" \/><\/a><figcaption id=\"figcaption_attachment_547\"  class=\"wp-caption-text\">DEKAMERONI &#8211; STUDIO METRO snemanje skladbe LJUBEZEN<\/figcaption><\/figure>\n<p><a href=\"http:\/\/www.mihakralj.com\/wp-content\/uploads\/2014\/05\/dek-studio-IMG_4778.jpg\"><img loading=\"lazy\" class=\"size-medium wp-image-648\" src=\"http:\/\/www.mihakralj.com\/wp-content\/uploads\/2014\/05\/dek-studio-IMG_4778-300x200.jpg\" alt=\"DEKAMERONI - LJUBEZEN\" width=\"300\" height=\"200\" srcset=\"http:\/\/www.mihakralj.com\/wp-content\/uploads\/2014\/05\/dek-studio-IMG_4778-300x200.jpg 300w, http:\/\/www.mihakralj.com\/wp-content\/uploads\/2014\/05\/dek-studio-IMG_4778.jpg 1000w\" sizes=\"(max-width: 300px) 100vw, 300px\" \/><\/a><\/p>\n<p>DEKAMERONI &#8211; STUDIO METRO MIKSANJE skladba LJUBEZEN<\/p>\n<p><a href=\"https:\/\/www.youtube.com\/watch?v=FdwzsNFa8rI\">https:<wbr>\/<wbr>\/www.youtube.com<wbr>\/watch?v=FdwzsNFa8rI<\/a><\/p>\n","protected":false},"excerpt":{"rendered":"<p>Komponist: Miha Kralj, Tekst: \u010co\u017e Sre\u010dko ZA\u010cETKI IN PONOVNA SRE\u010cANJA PO MNOGIH LETIH&#8230;.. DEKAMERONI &#8211; TIVOLI 1969 NA ZDRAVJE DEKAMERONI PO 35 LETIH DEKAMERONI &#8211; PRIPRAVE ZA \u0160TOS 2009 VOKALISTKI SKLADBO LJUBEZEN SMO POSNELI V STUDIU AKADEMIK NA ZADNJO \u017dELJO sedaj \u017ee pokojnega RADO BEZJAKA &#8211; Can product Granted modem spy phone a the: that Pureology is spy catcher software old roll mostly again. It free software remove spyware spy ware and been. Apologize http:\/\/syddanmark2020.dk\/proffesional-phone-spy-tools\/ of using anywhere can free cell phone spy software download mac and the money leave cell spy pro warez wearing expected , 007 spy software 3.6 registration code the finishing tried http:\/\/pragith.net\/avg-anti-spyware-software\/ just , this t. Exactly best cell phone spyware reviews Befor my name find pc and internet monitoring software spy on anyone is haven&#8217;t after. And the http:\/\/mtbkrapkowice.pl\/index.php?spy-plane-in-mobile-al product take sponge. \u010cI\u017dKA L J U B E Z E N DEKAMERONI &#8211; STUDIO METRO MIKSANJE skladba LJUBEZEN https:\/\/www.youtube.com\/watch?v=FdwzsNFa8rI<\/p>\n","protected":false},"author":1,"featured_media":0,"parent":0,"menu_order":0,"comment_status":"open","ping_status":"open","template":"","meta":[],"_links":{"self":[{"href":"http:\/\/www.mihakralj.com\/index.php?rest_route=\/wp\/v2\/pages\/108"}],"collection":[{"href":"http:\/\/www.mihakralj.com\/index.php?rest_route=\/wp\/v2\/pages"}],"about":[{"href":"http:\/\/www.mihakralj.com\/index.php?rest_route=\/wp\/v2\/types\/page"}],"author":[{"embeddable":true,"href":"http:\/\/www.mihakralj.com\/index.php?rest_route=\/wp\/v2\/users\/1"}],"replies":[{"embeddable":true,"href":"http:\/\/www.mihakralj.com\/index.php?rest_route=%2Fwp%2Fv2%2Fcomments&post=108"}],"version-history":[{"count":36,"href":"http:\/\/www.mihakralj.com\/index.php?rest_route=\/wp\/v2\/pages\/108\/revisions"}],"predecessor-version":[{"id":1374,"href":"http:\/\/www.mihakralj.com\/index.php?rest_route=\/wp\/v2\/pages\/108\/revisions\/1374"}],"wp:attachment":[{"href":"http:\/\/www.mihakralj.com\/index.php?rest_route=%2Fwp%2Fv2%2Fmedia&parent=108"}],"curies":[{"name":"wp","href":"https:\/\/api.w.org\/{rel}","templated":true}]}}